{"id":163,"date":"2026-03-29T00:06:32","date_gmt":"2026-03-29T00:06:32","guid":{"rendered":"https:\/\/thuchanhthmdt.azdigi.shop\/?post_type=product&#038;p=163"},"modified":"2026-04-10T17:34:45","modified_gmt":"2026-04-10T17:34:45","slug":"ao-corset-phoi-ren-no-xanh","status":"publish","type":"product","link":"https:\/\/thuchanhthmdt.azdigi.shop\/?product=ao-corset-phoi-ren-no-xanh","title":{"rendered":"\u00c1o Corset Ph\u1ed1i Ren N\u01a1 Xanh: Phong C\u00e1ch Coquette 2026"},"content":{"rendered":"<h3 data-path-to-node=\"4\"><b data-path-to-node=\"4\" data-index-in-node=\"0\">\u00c1o Corset Ph\u1ed1i Ren N\u01a1 Xanh: \u0110\u1ec9nh Cao Phong C\u00e1ch Coquette<\/b><\/h3>\n<p data-path-to-node=\"5\">B\u1ea1n mu\u1ed1n l\u00e0m m\u1edbi t\u1ee7 \u0111\u1ed3 c\u1ee7a m\u00ecnh? Chi\u1ebfc <b data-path-to-node=\"5\" data-index-in-node=\"39\">\u00e1o corset ph\u1ed1i ren n\u01a1 xanh<\/b> l\u00e0 l\u1ef1a ch\u1ecdn tuy\u1ec7t v\u1eddi. M\u1eabu \u00e1o n\u00e0y k\u1ebft h\u1ee3p n\u00e9t c\u1ed5 \u0111i\u1ec3n v\u00e0 s\u1ef1 tr\u1ebb trung. Thi\u1ebft k\u1ebf \u00f4m s\u00e1t gi\u00fap n\u00e0ng t\u00f4n vinh v\u00f3c d\u00e1ng hi\u1ec7u qu\u1ea3. \u0110\u00e2y ch\u00ednh l\u00e0 m\u00f3n \u0111\u1ed3 &#8220;v\u00e0ng&#8221; cho nh\u1eefng bu\u1ed5i h\u1eb9n h\u00f2 l\u00e3ng m\u1ea1n.<\/p>\n<p data-path-to-node=\"6\"><i data-path-to-node=\"6\" data-index-in-node=\"0\">H\u00ecnh 1: M\u1eabu thi\u1ebft k\u1ebf mang \u0111\u1eadm h\u01a1i th\u1edf c\u1ed5 \u0111i\u1ec3n v\u00e0 hi\u1ec7n \u0111\u1ea1i.<\/i><\/p>\n<hr data-path-to-node=\"7\" \/>\n<h3 data-path-to-node=\"8\"><b data-path-to-node=\"8\" data-index-in-node=\"0\">V\u1ebb \u0111\u1eb9p tinh t\u1ebf t\u1eeb chi ti\u1ebft ph\u1ed1i ren<\/b><\/h3>\n<p data-path-to-node=\"9\">M\u1eabu thi\u1ebft k\u1ebf n\u00e0y s\u1edf h\u1eefu nhi\u1ec1u \u0111i\u1ec3m nh\u1ea5n \u0111\u1eaft gi\u00e1. D\u01b0\u1edbi \u0111\u00e2y l\u00e0 nh\u1eefng l\u00fd do khi\u1ebfn b\u1ea1n kh\u00f4ng th\u1ec3 b\u1ecf qua:<\/p>\n<ul data-path-to-node=\"10\">\n<li>\n<p data-path-to-node=\"10,0,0\"><b data-path-to-node=\"10,0,0\" data-index-in-node=\"0\">Form d\u00e1ng corset:<\/b> Gi\u00fap \u0111\u1ecbnh h\u00ecnh v\u00f2ng eo thon g\u1ecdn v\u00e0 t\u1ea1o \u0111\u01b0\u1eddng cong quy\u1ebfn r\u0169.<\/p>\n<\/li>\n<li>\n<p data-path-to-node=\"10,1,0\"><b data-path-to-node=\"10,1,0\" data-index-in-node=\"0\">S\u1eafc xanh Navy:<\/b> Vi\u1ec1n ren m\u00e0u xanh n\u1ed5i b\u1eadt tr\u00ean n\u1ec1n v\u1ea3i tr\u1eafng tinh kh\u00f4i.<\/p>\n<\/li>\n<li>\n<p data-path-to-node=\"10,2,0\"><b data-path-to-node=\"10,2,0\" data-index-in-node=\"0\">Chi ti\u1ebft th\u1eaft n\u01a1:<\/b> T\u1ea1o v\u1ebb ngo\u00e0i n\u1eef t\u00ednh, \u0111\u00fang chu\u1ea9n phong c\u00e1ch Coquette \u0111ang th\u1ecbnh h\u00e0nh.<\/p>\n<\/li>\n<li>\n<p data-path-to-node=\"10,3,0\"><b data-path-to-node=\"10,3,0\" data-index-in-node=\"0\">V\u1ea3i g\u00e2n t\u0103m:<\/b> Ch\u1ea5t li\u1ec7u n\u00e0y r\u1ea5t m\u1ec1m m\u1ea1i, th\u1ea5m h\u00fat m\u1ed3 h\u00f4i v\u00e0 c\u1ef1c k\u1ef3 tho\u00e1ng m\u00e1t.<\/p>\n<\/li>\n<\/ul>\n<blockquote data-path-to-node=\"11\">\n<p data-path-to-node=\"11,0\"><b data-path-to-node=\"11,0\" data-index-in-node=\"0\">G\u1ee3i \u00fd:<\/b> B\u1ea1n c\u00f3 th\u1ec3 xem th\u00eam c\u00e1c m\u1eabu <a class=\"ng-star-inserted\" href=\"https:\/\/www.google.com\/search?q=https:\/\/yourdomain.com\/chan-vay-xoe\" target=\"_blank\" rel=\"noopener\" data-hveid=\"0\" data-ved=\"0CAAQ_4QMahgKEwig_eaQ5cOTAxUAAAAAHQAAAAAQugE\">Ch\u00e2n v\u00e1y x\u00f2e Vintage<\/a> ho\u1eb7c <a class=\"ng-star-inserted\" href=\"https:\/\/www.google.com\/search?q=https:\/\/yourdomain.com\/phu-kien\" target=\"_blank\" rel=\"noopener\" data-hveid=\"0\" data-ved=\"0CAAQ_4QMahgKEwig_eaQ5cOTAxUAAAAAHQAAAAAQuwE\">Ph\u1ee5 ki\u1ec7n t\u00f3c \u0111\u00ednh n\u01a1<\/a> \u0111\u1ec3 ph\u1ed1i c\u00f9ng item n\u00e0y. (Link n\u1ed9i b\u1ed9)<\/p>\n<\/blockquote>\n<hr data-path-to-node=\"12\" \/>\n<h3 data-path-to-node=\"13\"><b data-path-to-node=\"13\" data-index-in-node=\"0\">B\u00ed quy\u1ebft mix \u0111\u1ed3 cho n\u00e0ng th\u00eam s\u00e0nh \u0111i\u1ec7u<\/b><\/h3>\n<p data-path-to-node=\"14\">Vi\u1ec7c di\u1ec7n chi\u1ebfc \u00e1o n\u00e0y c\u1ef1c k\u1ef3 \u0111\u01a1n gi\u1ea3n. B\u1ea1n h\u00e3y th\u1eed ngay hai c\u00f4ng th\u1ee9c ph\u1ed1i \u0111\u1ed3 d\u01b0\u1edbi \u0111\u00e2y \u0111\u1ec3 lu\u00f4n n\u1ed5i b\u1eadt:<\/p>\n<ol start=\"1\" data-path-to-node=\"15\">\n<li>\n<p data-path-to-node=\"15,0,0\"><b data-path-to-node=\"15,0,0\" data-index-in-node=\"0\">V\u1ebb ngo\u00e0i ti\u1ec3u th\u01b0:<\/b> K\u1ebft h\u1ee3p \u00e1o v\u1edbi ch\u00e2n v\u00e1y x\u00f2e m\u00e0u tr\u1eafng. M\u1ed9t \u0111\u00f4i gi\u00e0y Mary Jane s\u1ebd gi\u00fap set \u0111\u1ed3 ho\u00e0n h\u1ea3o h\u01a1n. Phong c\u00e1ch n\u00e0y r\u1ea5t h\u1ee3p \u0111\u1ec3 \u0111i c\u00e0 ph\u00ea hay ch\u1ee5p \u1ea3nh ngh\u1ec7 thu\u1eadt.<\/p>\n<\/li>\n<li>\n<p data-path-to-node=\"15,1,0\"><b data-path-to-node=\"15,1,0\" data-index-in-node=\"0\">S\u1ef1 n\u0103ng \u0111\u1ed9ng:<\/b> B\u1ea1n c\u00f3 th\u1ec3 mix c\u00f9ng qu\u1ea7n jean \u1ed1ng loe. S\u1ef1 k\u1ebft h\u1ee3p n\u00e0y mang l\u1ea1i c\u1ea3m gi\u00e1c tr\u1ebb trung nh\u01b0ng v\u1eabn gi\u1eef \u0111\u01b0\u1ee3c n\u00e9t quy\u1ebfn r\u0169 v\u1ed1n c\u00f3.<\/p>\n<\/li>\n<\/ol>\n<p data-path-to-node=\"16\">Ngo\u00e0i ra, h\u00e3y tham kh\u1ea3o th\u00eam c\u00e1c m\u1eb9o ph\u1ed1i \u0111\u1ed3 t\u1ea1i <a class=\"ng-star-inserted\" href=\"https:\/\/vogue.com\/\" target=\"_blank\" rel=\"noopener\" data-hveid=\"0\" data-ved=\"0CAAQ_4QMahgKEwig_eaQ5cOTAxUAAAAAHQAAAAAQvAE\">Vogue Fashion<\/a>. Trang web n\u00e0y lu\u00f4n c\u1eadp nh\u1eadt nh\u1eefng tin t\u1ee9c th\u1eddi trang m\u1edbi nh\u1ea5t t\u1eeb c\u00e1c s\u00e0n di\u1ec5n qu\u1ed1c t\u1ebf. (Link ra ngo\u00e0i)<\/p>\n<hr data-path-to-node=\"17\" \/>\n<h3 data-path-to-node=\"18\"><b data-path-to-node=\"18\" data-index-in-node=\"0\">H\u01b0\u1edbng d\u1eabn b\u1ea3o qu\u1ea3n s\u1ea3n ph\u1ea9m \u0111\u00fang c\u00e1ch<\/b><\/h3>\n<p data-path-to-node=\"19\">\u0110\u1ec3 gi\u1eef cho trang ph\u1ee5c lu\u00f4n b\u1ec1n \u0111\u1eb9p, b\u1ea1n c\u1ea7n l\u01b0u \u00fd m\u1ed9t s\u1ed1 \u0111i\u1ec3m sau. \u0110\u1ea7u ti\u00ean, h\u00e3y \u01b0u ti\u00ean gi\u1eb7t tay thay v\u00ec gi\u1eb7t m\u00e1y. Vi\u1ec7c n\u00e0y gi\u00fap b\u1ea3o v\u1ec7 c\u00e1c chi ti\u1ebft ren nh\u1ea1y c\u1ea3m kh\u00f4ng b\u1ecb r\u00e1ch. Th\u1ee9 hai, b\u1ea1n kh\u00f4ng n\u00ean s\u1eed d\u1ee5ng ch\u1ea5t t\u1ea9y r\u1eeda m\u1ea1nh. Cu\u1ed1i c\u00f9ng, h\u00e3y ph\u01a1i \u00e1o \u1edf n\u01a1i tho\u00e1ng m\u00e1t, tr\u00e1nh \u00e1nh n\u1eafng tr\u1ef1c ti\u1ebfp t\u1eeb m\u1eb7t tr\u1eddi.<\/p>\n<h3 data-path-to-node=\"20\"><b data-path-to-node=\"20\" data-index-in-node=\"0\">Th\u00f4ng s\u1ed1 ch\u1ecdn size chu\u1ea9n x\u00e1c<\/b><\/h3>\n<table data-path-to-node=\"21\">\n<thead>\n<tr>\n<td><strong>Size<\/strong><\/td>\n<td><strong>V\u00f2ng Ng\u1ef1c (cm)<\/strong><\/td>\n<td><strong>V\u00f2ng Eo (cm)<\/strong><\/td>\n<td><strong>C\u00e2n n\u1eb7ng (kg)<\/strong><\/td>\n<\/tr>\n<\/thead>\n<tbody>\n<tr>\n<td><span data-path-to-node=\"21,1,0,0\"><b data-path-to-node=\"21,1,0,0\" data-index-in-node=\"0\">S<\/b><\/span><\/td>\n<td><span data-path-to-node=\"21,1,1,0\">80 &#8211; 84<\/span><\/td>\n<td><span data-path-to-node=\"21,1,2,0\">60 &#8211; 64<\/span><\/td>\n<td><span data-path-to-node=\"21,1,3,0\">42 &#8211; 47<\/span><\/td>\n<\/tr>\n<tr>\n<td><span data-path-to-node=\"21,2,0,0\"><b data-path-to-node=\"21,2,0,0\" data-index-in-node=\"0\">M<\/b><\/span><\/td>\n<td><span data-path-to-node=\"21,2,1,0\">85 &#8211; 89<\/span><\/td>\n<td><span data-path-to-node=\"21,2,2,0\">65 &#8211; 69<\/span><\/td>\n<td><span data-path-to-node=\"21,2,3,0\">48 &#8211; 53<\/span><\/td>\n<\/tr>\n<tr>\n<td><span data-path-to-node=\"21,3,0,0\"><b data-path-to-node=\"21,3,0,0\" data-index-in-node=\"0\">L<\/b><\/span><\/td>\n<td><span data-path-to-node=\"21,3,1,0\">90 &#8211; 94<\/span><\/td>\n<td><span data-path-to-node=\"21,3,2,0\">70 &#8211; 75<\/span><\/td>\n<td><span data-path-to-node=\"21,3,3,0\">54 &#8211; 60<\/span><\/td>\n<\/tr>\n<\/tbody>\n<\/table>\n","protected":false},"excerpt":{"rendered":"<p>Chi\u1ebfc \u00e1o corset ph\u1ed1i ren n\u01a1 xanh l\u00e0 l\u1ef1a ch\u1ecdn tuy\u1ec7t v\u1eddi. M\u1eabu \u00e1o n\u00e0y k\u1ebft h\u1ee3p n\u00e9t c\u1ed5 \u0111i\u1ec3n v\u00e0 s\u1ef1 tr\u1ebb trung. Thi\u1ebft k\u1ebf \u00f4m s\u00e1t gi\u00fap n\u00e0ng t\u00f4n vinh v\u00f3c d\u00e1ng hi\u1ec7u qu\u1ea3. \u0110\u00e2y ch\u00ednh l\u00e0 m\u00f3n \u0111\u1ed3 &#8220;v\u00e0ng&#8221; cho nh\u1eefng bu\u1ed5i h\u1eb9n h\u00f2 l\u00e3ng m\u1ea1n.<\/p>\n","protected":false},"featured_media":126,"comment_status":"open","ping_status":"closed","template":"","meta":[],"product_brand":[],"product_cat":[30],"product_tag":[],"class_list":{"0":"post-163","1":"product","2":"type-product","3":"status-publish","4":"has-post-thumbnail","6":"product_cat-ao-2","8":"first","9":"instock","10":"shipping-taxable","11":"purchasable","12":"product-type-variable"},"yoast_head":"<!-- This site is optimized with the Yoast SEO plugin v26.8 - https:\/\/yoast.com\/product\/yoast-seo-wordpress\/ -->\n<title>\u00c1o Corset Ph\u1ed1i Ren N\u01a1 Xanh: Phong C\u00e1ch Coquette 2026 - MEOW<\/title>\n<meta name=\"description\" content=\"S\u1edf h\u1eefu ngay m\u1eabu \u00e1o corset ph\u1ed1i ren n\u01a1 xanh thi\u1ebft k\u1ebf t\u00f4n d\u00e1ng, chu\u1ea9n phong c\u00e1ch Coquette Vintage. Ch\u1ea5t li\u1ec7u cao c\u1ea5p, \u0111\u01b0\u1eddng may tinh t\u1ebf\" \/>\n<meta name=\"robots\" content=\"index, follow, max-snippet:-1, max-image-preview:large, max-video-preview:-1\" \/>\n<link rel=\"canonical\" href=\"https:\/\/thuchanhthmdt.azdigi.shop\/?product=ao-corset-phoi-ren-no-xanh\" \/>\n<meta property=\"og:locale\" content=\"vi_VN\" \/>\n<meta property=\"og:type\" content=\"article\" \/>\n<meta property=\"og:title\" content=\"\u00c1o Corset Ph\u1ed1i Ren N\u01a1 Xanh: Phong C\u00e1ch Coquette 2026 - MEOW\" \/>\n<meta property=\"og:description\" content=\"S\u1edf h\u1eefu ngay m\u1eabu \u00e1o corset ph\u1ed1i ren n\u01a1 xanh thi\u1ebft k\u1ebf t\u00f4n d\u00e1ng, chu\u1ea9n phong c\u00e1ch Coquette Vintage. Ch\u1ea5t li\u1ec7u cao c\u1ea5p, \u0111\u01b0\u1eddng may tinh t\u1ebf\" \/>\n<meta property=\"og:url\" content=\"https:\/\/thuchanhthmdt.azdigi.shop\/?product=ao-corset-phoi-ren-no-xanh\" \/>\n<meta property=\"og:site_name\" content=\"MEOW\" \/>\n<meta property=\"article:modified_time\" content=\"2026-04-10T17:34:45+00:00\" \/>\n<meta property=\"og:image\" content=\"https:\/\/thuchanhthmdt.azdigi.shop\/wp-content\/uploads\/2026\/03\/Anh-chup-man-hinh-2026-03-28-213918.png\" \/>\n\t<meta property=\"og:image:width\" content=\"618\" \/>\n\t<meta property=\"og:image:height\" content=\"714\" \/>\n\t<meta property=\"og:image:type\" content=\"image\/png\" \/>\n<meta name=\"twitter:card\" content=\"summary_large_image\" \/>\n<meta name=\"twitter:label1\" content=\"\u01af\u1edbc t\u00ednh th\u1eddi gian \u0111\u1ecdc\" \/>\n\t<meta name=\"twitter:data1\" content=\"3 ph\u00fat\" \/>\n<script type=\"application\/ld+json\" class=\"yoast-schema-graph\">{\"@context\":\"https:\/\/schema.org\",\"@graph\":[{\"@type\":\"WebPage\",\"@id\":\"https:\/\/thuchanhthmdt.azdigi.shop\/?product=ao-corset-phoi-ren-no-xanh\",\"url\":\"https:\/\/thuchanhthmdt.azdigi.shop\/?product=ao-corset-phoi-ren-no-xanh\",\"name\":\"\u00c1o Corset Ph\u1ed1i Ren N\u01a1 Xanh: Phong C\u00e1ch Coquette 2026 - MEOW\",\"isPartOf\":{\"@id\":\"https:\/\/thuchanhthmdt.azdigi.shop\/#website\"},\"primaryImageOfPage\":{\"@id\":\"https:\/\/thuchanhthmdt.azdigi.shop\/?product=ao-corset-phoi-ren-no-xanh#primaryimage\"},\"image\":{\"@id\":\"https:\/\/thuchanhthmdt.azdigi.shop\/?product=ao-corset-phoi-ren-no-xanh#primaryimage\"},\"thumbnailUrl\":\"https:\/\/thuchanhthmdt.azdigi.shop\/wp-content\/uploads\/2026\/03\/Anh-chup-man-hinh-2026-03-28-213918.png\",\"datePublished\":\"2026-03-29T00:06:32+00:00\",\"dateModified\":\"2026-04-10T17:34:45+00:00\",\"description\":\"S\u1edf h\u1eefu ngay m\u1eabu \u00e1o corset ph\u1ed1i ren n\u01a1 xanh thi\u1ebft k\u1ebf t\u00f4n d\u00e1ng, chu\u1ea9n phong c\u00e1ch Coquette Vintage. Ch\u1ea5t li\u1ec7u cao c\u1ea5p, \u0111\u01b0\u1eddng may tinh t\u1ebf\",\"breadcrumb\":{\"@id\":\"https:\/\/thuchanhthmdt.azdigi.shop\/?product=ao-corset-phoi-ren-no-xanh#breadcrumb\"},\"inLanguage\":\"vi\",\"potentialAction\":[{\"@type\":\"ReadAction\",\"target\":[\"https:\/\/thuchanhthmdt.azdigi.shop\/?product=ao-corset-phoi-ren-no-xanh\"]}]},{\"@type\":\"ImageObject\",\"inLanguage\":\"vi\",\"@id\":\"https:\/\/thuchanhthmdt.azdigi.shop\/?product=ao-corset-phoi-ren-no-xanh#primaryimage\",\"url\":\"https:\/\/thuchanhthmdt.azdigi.shop\/wp-content\/uploads\/2026\/03\/Anh-chup-man-hinh-2026-03-28-213918.png\",\"contentUrl\":\"https:\/\/thuchanhthmdt.azdigi.shop\/wp-content\/uploads\/2026\/03\/Anh-chup-man-hinh-2026-03-28-213918.png\",\"width\":618,\"height\":714},{\"@type\":\"BreadcrumbList\",\"@id\":\"https:\/\/thuchanhthmdt.azdigi.shop\/?product=ao-corset-phoi-ren-no-xanh#breadcrumb\",\"itemListElement\":[{\"@type\":\"ListItem\",\"position\":1,\"name\":\"Trang ch\u1ee7\",\"item\":\"https:\/\/thuchanhthmdt.azdigi.shop\/\"},{\"@type\":\"ListItem\",\"position\":2,\"name\":\"C\u1eeda h\u00e0ng\",\"item\":\"https:\/\/thuchanhthmdt.azdigi.shop\/?page_id=158\"},{\"@type\":\"ListItem\",\"position\":3,\"name\":\"\u00c1o Corset Ph\u1ed1i Ren N\u01a1 Xanh: Phong C\u00e1ch Coquette 2026\"}]},{\"@type\":\"WebSite\",\"@id\":\"https:\/\/thuchanhthmdt.azdigi.shop\/#website\",\"url\":\"https:\/\/thuchanhthmdt.azdigi.shop\/\",\"name\":\"MEOW\",\"description\":\"\",\"potentialAction\":[{\"@type\":\"SearchAction\",\"target\":{\"@type\":\"EntryPoint\",\"urlTemplate\":\"https:\/\/thuchanhthmdt.azdigi.shop\/?s={search_term_string}\"},\"query-input\":{\"@type\":\"PropertyValueSpecification\",\"valueRequired\":true,\"valueName\":\"search_term_string\"}}],\"inLanguage\":\"vi\"}]}<\/script>\n<!-- \/ Yoast SEO plugin. -->","yoast_head_json":{"title":"\u00c1o Corset Ph\u1ed1i Ren N\u01a1 Xanh: Phong C\u00e1ch Coquette 2026 - MEOW","description":"S\u1edf h\u1eefu ngay m\u1eabu \u00e1o corset ph\u1ed1i ren n\u01a1 xanh thi\u1ebft k\u1ebf t\u00f4n d\u00e1ng, chu\u1ea9n phong c\u00e1ch Coquette Vintage. Ch\u1ea5t li\u1ec7u cao c\u1ea5p, \u0111\u01b0\u1eddng may tinh t\u1ebf","robots":{"index":"index","follow":"follow","max-snippet":"max-snippet:-1","max-image-preview":"max-image-preview:large","max-video-preview":"max-video-preview:-1"},"canonical":"https:\/\/thuchanhthmdt.azdigi.shop\/?product=ao-corset-phoi-ren-no-xanh","og_locale":"vi_VN","og_type":"article","og_title":"\u00c1o Corset Ph\u1ed1i Ren N\u01a1 Xanh: Phong C\u00e1ch Coquette 2026 - MEOW","og_description":"S\u1edf h\u1eefu ngay m\u1eabu \u00e1o corset ph\u1ed1i ren n\u01a1 xanh thi\u1ebft k\u1ebf t\u00f4n d\u00e1ng, chu\u1ea9n phong c\u00e1ch Coquette Vintage. Ch\u1ea5t li\u1ec7u cao c\u1ea5p, \u0111\u01b0\u1eddng may tinh t\u1ebf","og_url":"https:\/\/thuchanhthmdt.azdigi.shop\/?product=ao-corset-phoi-ren-no-xanh","og_site_name":"MEOW","article_modified_time":"2026-04-10T17:34:45+00:00","og_image":[{"width":618,"height":714,"url":"https:\/\/thuchanhthmdt.azdigi.shop\/wp-content\/uploads\/2026\/03\/Anh-chup-man-hinh-2026-03-28-213918.png","type":"image\/png"}],"twitter_card":"summary_large_image","twitter_misc":{"\u01af\u1edbc t\u00ednh th\u1eddi gian \u0111\u1ecdc":"3 ph\u00fat"},"schema":{"@context":"https:\/\/schema.org","@graph":[{"@type":"WebPage","@id":"https:\/\/thuchanhthmdt.azdigi.shop\/?product=ao-corset-phoi-ren-no-xanh","url":"https:\/\/thuchanhthmdt.azdigi.shop\/?product=ao-corset-phoi-ren-no-xanh","name":"\u00c1o Corset Ph\u1ed1i Ren N\u01a1 Xanh: Phong C\u00e1ch Coquette 2026 - MEOW","isPartOf":{"@id":"https:\/\/thuchanhthmdt.azdigi.shop\/#website"},"primaryImageOfPage":{"@id":"https:\/\/thuchanhthmdt.azdigi.shop\/?product=ao-corset-phoi-ren-no-xanh#primaryimage"},"image":{"@id":"https:\/\/thuchanhthmdt.azdigi.shop\/?product=ao-corset-phoi-ren-no-xanh#primaryimage"},"thumbnailUrl":"https:\/\/thuchanhthmdt.azdigi.shop\/wp-content\/uploads\/2026\/03\/Anh-chup-man-hinh-2026-03-28-213918.png","datePublished":"2026-03-29T00:06:32+00:00","dateModified":"2026-04-10T17:34:45+00:00","description":"S\u1edf h\u1eefu ngay m\u1eabu \u00e1o corset ph\u1ed1i ren n\u01a1 xanh thi\u1ebft k\u1ebf t\u00f4n d\u00e1ng, chu\u1ea9n phong c\u00e1ch Coquette Vintage. Ch\u1ea5t li\u1ec7u cao c\u1ea5p, \u0111\u01b0\u1eddng may tinh t\u1ebf","breadcrumb":{"@id":"https:\/\/thuchanhthmdt.azdigi.shop\/?product=ao-corset-phoi-ren-no-xanh#breadcrumb"},"inLanguage":"vi","potentialAction":[{"@type":"ReadAction","target":["https:\/\/thuchanhthmdt.azdigi.shop\/?product=ao-corset-phoi-ren-no-xanh"]}]},{"@type":"ImageObject","inLanguage":"vi","@id":"https:\/\/thuchanhthmdt.azdigi.shop\/?product=ao-corset-phoi-ren-no-xanh#primaryimage","url":"https:\/\/thuchanhthmdt.azdigi.shop\/wp-content\/uploads\/2026\/03\/Anh-chup-man-hinh-2026-03-28-213918.png","contentUrl":"https:\/\/thuchanhthmdt.azdigi.shop\/wp-content\/uploads\/2026\/03\/Anh-chup-man-hinh-2026-03-28-213918.png","width":618,"height":714},{"@type":"BreadcrumbList","@id":"https:\/\/thuchanhthmdt.azdigi.shop\/?product=ao-corset-phoi-ren-no-xanh#breadcrumb","itemListElement":[{"@type":"ListItem","position":1,"name":"Trang ch\u1ee7","item":"https:\/\/thuchanhthmdt.azdigi.shop\/"},{"@type":"ListItem","position":2,"name":"C\u1eeda h\u00e0ng","item":"https:\/\/thuchanhthmdt.azdigi.shop\/?page_id=158"},{"@type":"ListItem","position":3,"name":"\u00c1o Corset Ph\u1ed1i Ren N\u01a1 Xanh: Phong C\u00e1ch Coquette 2026"}]},{"@type":"WebSite","@id":"https:\/\/thuchanhthmdt.azdigi.shop\/#website","url":"https:\/\/thuchanhthmdt.azdigi.shop\/","name":"MEOW","description":"","potentialAction":[{"@type":"SearchAction","target":{"@type":"EntryPoint","urlTemplate":"https:\/\/thuchanhthmdt.azdigi.shop\/?s={search_term_string}"},"query-input":{"@type":"PropertyValueSpecification","valueRequired":true,"valueName":"search_term_string"}}],"inLanguage":"vi"}]}},"_links":{"self":[{"href":"https:\/\/thuchanhthmdt.azdigi.shop\/index.php?rest_route=\/wp\/v2\/product\/163","targetHints":{"allow":["GET"]}}],"collection":[{"href":"https:\/\/thuchanhthmdt.azdigi.shop\/index.php?rest_route=\/wp\/v2\/product"}],"about":[{"href":"https:\/\/thuchanhthmdt.azdigi.shop\/index.php?rest_route=\/wp\/v2\/types\/product"}],"replies":[{"embeddable":true,"href":"https:\/\/thuchanhthmdt.azdigi.shop\/index.php?rest_route=%2Fwp%2Fv2%2Fcomments&post=163"}],"wp:featuredmedia":[{"embeddable":true,"href":"https:\/\/thuchanhthmdt.azdigi.shop\/index.php?rest_route=\/wp\/v2\/media\/126"}],"wp:attachment":[{"href":"https:\/\/thuchanhthmdt.azdigi.shop\/index.php?rest_route=%2Fwp%2Fv2%2Fmedia&parent=163"}],"wp:term":[{"taxonomy":"product_brand","embeddable":true,"href":"https:\/\/thuchanhthmdt.azdigi.shop\/index.php?rest_route=%2Fwp%2Fv2%2Fproduct_brand&post=163"},{"taxonomy":"product_cat","embeddable":true,"href":"https:\/\/thuchanhthmdt.azdigi.shop\/index.php?rest_route=%2Fwp%2Fv2%2Fproduct_cat&post=163"},{"taxonomy":"product_tag","embeddable":true,"href":"https:\/\/thuchanhthmdt.azdigi.shop\/index.php?rest_route=%2Fwp%2Fv2%2Fproduct_tag&post=163"}],"curies":[{"name":"wp","href":"https:\/\/api.w.org\/{rel}","templated":true}]}}