{"id":195,"date":"2026-04-07T15:13:17","date_gmt":"2026-04-07T15:13:17","guid":{"rendered":"https:\/\/thuchanhthmdt.azdigi.shop\/?post_type=product&#038;p=195"},"modified":"2026-04-10T17:19:30","modified_gmt":"2026-04-10T17:19:30","slug":"set-vay-yem-phoi-ren-hong","status":"publish","type":"product","link":"https:\/\/thuchanhthmdt.azdigi.shop\/?product=set-vay-yem-phoi-ren-hong","title":{"rendered":"Set V\u00e1y Y\u1ebfm Ph\u1ed1i Ren H\u1ed3ng Pastel"},"content":{"rendered":"<p data-path-to-node=\"4\"><b data-path-to-node=\"4\" data-index-in-node=\"0\">Set v\u00e1y y\u1ebfm ph\u1ed1i ren<\/b> k\u00e8m \u00e1o kho\u00e1c bolero l\u00e0 l\u1ef1a ch\u1ecdn h\u00e0ng \u0111\u1ea7u cho nh\u1eefng c\u00f4 n\u00e0ng theo \u0111u\u1ed5i phong c\u00e1ch ti\u1ec3u th\u01b0. V\u1edbi s\u1eafc h\u1ed3ng ng\u1ecdt ng\u00e0o, b\u1ed9 trang ph\u1ee5c mang \u0111\u1ebfn v\u1ebb ngo\u00e0i thanh l\u1ecbch v\u00e0 v\u00f4 c\u00f9ng d\u1ecbu d\u00e0ng. \u0110\u00e2y l\u00e0 s\u1ef1 k\u1ebft h\u1ee3p ho\u00e0n h\u1ea3o gi\u1eefa n\u00e9t c\u1ed5 \u0111i\u1ec3n v\u00e0 xu h\u01b0\u1edbng th\u1eddi trang hi\u1ec7n \u0111\u1ea1i. H\u00e3y c\u00f9ng kh\u00e1m ph\u00e1 v\u00ec sao m\u1eabu thi\u1ebft k\u1ebf n\u00e0y l\u1ea1i thu h\u00fat \u0111\u1ebfn v\u1eady.<\/p>\n<h2 data-path-to-node=\"5\">\u01afu \u0111i\u1ec3m n\u1ed5i b\u1eadt c\u1ee7a set v\u00e1y y\u1ebfm ph\u1ed1i ren h\u1ed3ng<\/h2>\n<p data-path-to-node=\"6\">\u0110i\u1ec3m thu h\u00fat \u0111\u1ea7u ti\u00ean c\u1ee7a <b data-path-to-node=\"6\" data-index-in-node=\"26\">set v\u00e1y y\u1ebfm ph\u1ed1i ren<\/b> ch\u00ednh l\u00e0 ch\u1ea5t li\u1ec7u v\u1ea3i x\u00f4 g\u00e2n hoa nh\u00ed \u0111\u1ed9c \u0111\u00e1o. B\u1ec1 m\u1eb7t v\u1ea3i c\u00f3 c\u00e1c h\u1ecda ti\u1ebft d\u1eadp n\u1ed5i tinh t\u1ebf. Ch\u1ea5t li\u1ec7u n\u00e0y kh\u00f4ng ch\u1ec9 \u0111\u1eb9p m\u1eaft m\u00e0 c\u00f2n r\u1ea5t tho\u00e1ng m\u00e1t. B\u1ea1n c\u00f3 th\u1ec3 t\u1ef1 tin di\u1ec7n b\u1ed9 \u0111\u1ed3 n\u00e0y su\u1ed1t c\u1ea3 ng\u00e0y d\u00e0i.<\/p>\n<p data-path-to-node=\"7\">Thi\u1ebft k\u1ebf v\u00e1y y\u1ebfm c\u00f3 ph\u1ea7n ng\u1ef1c bo chun tinh t\u1ebf. Chi ti\u1ebft th\u1eaft n\u01a1 nh\u1ecf ph\u00eda tr\u01b0\u1edbc gi\u00fap t\u1ea1o \u0111i\u1ec3m nh\u1ea5n n\u1eef t\u00ednh. \u0110\u1eb7c bi\u1ec7t, \u00e1o kho\u00e1c bolero tay d\u00e0i \u0111i k\u00e8m gi\u00fap che khuy\u1ebft \u0111i\u1ec3m b\u1eafp tay hi\u1ec7u qu\u1ea3. Tay \u00e1o loe nh\u1eb9 t\u1ea1o s\u1ef1 m\u1ec1m m\u1ea1i trong t\u1eebng chuy\u1ec3n \u0111\u1ed9ng. Vi\u1ec7c m\u1eb7c c\u1ea3 set \u0111\u1ed3 gi\u00fap n\u00e0ng ti\u1ebft ki\u1ec7m th\u1eddi gian ph\u1ed1i \u0111\u1ed3 m\u00e0 v\u1eabn lu\u00f4n r\u1ea1ng r\u1ee1.<\/p>\n<h2 data-path-to-node=\"8\">C\u00e1ch ph\u1ed1i ph\u1ee5 ki\u1ec7n cho set v\u00e1y y\u1ebfm ph\u1ed1i ren<\/h2>\n<p data-path-to-node=\"9\">\u0110\u1ec3 ho\u00e0n thi\u1ec7n v\u1ebb ngo\u00e0i c\u1ee7a m\u1ed9t n\u00e0ng th\u01a1, b\u1ea1n h\u00e3y tham kh\u1ea3o c\u00e1c g\u1ee3i \u00fd sau:<\/p>\n<ul data-path-to-node=\"10\">\n<li>\n<p data-path-to-node=\"10,0,0\"><b data-path-to-node=\"10,0,0\" data-index-in-node=\"0\">Trang s\u1ee9c:<\/b> M\u1ed9t chi\u1ebfc v\u00f2ng c\u1ed5 ng\u1ecdc trai ho\u1eb7c d\u00e2y chuy\u1ec1n m\u1ea3nh s\u1ebd r\u1ea5t ph\u00f9 h\u1ee3p. S\u1eafc b\u1ea1c ho\u1eb7c v\u00e0ng h\u1ed3ng s\u1ebd t\u00f4n l\u00ean t\u00f4ng m\u00e0u c\u1ee7a b\u1ed9 v\u00e1y.<\/p>\n<\/li>\n<li>\n<p data-path-to-node=\"10,1,0\"><b data-path-to-node=\"10,1,0\" data-index-in-node=\"0\">T\u00fai x\u00e1ch:<\/b> H\u00e3y ch\u1ecdn nh\u1eefng m\u1eabu t\u00fai c\u00f3 m\u00e0u tr\u1eafng kem ho\u1eb7c be. M\u1ed9t chi\u1ebfc t\u00fai x\u00e1ch nh\u1ecf b\u1eb1ng da m\u1ec1m s\u1ebd l\u00e0 s\u1ef1 k\u1ebft h\u1ee3p tuy\u1ec7t v\u1eddi.<\/p>\n<\/li>\n<li>\n<p data-path-to-node=\"10,2,0\"><b data-path-to-node=\"10,2,0\" data-index-in-node=\"0\">Ki\u1ec3u t\u00f3c:<\/b> T\u00f3c bu\u1ed9c n\u1eeda \u0111\u1ea7u ho\u1eb7c t\u1ebft l\u1ecfng s\u1ebd t\u0103ng th\u00eam ph\u1ea7n l\u00e3ng m\u1ea1n. B\u1ea1n c\u00f3 th\u1ec3 tham kh\u1ea3o c\u00e1c <a class=\"ng-star-inserted\" href=\"https:\/\/www.google.com\/search?q=https:\/\/vi.wikipedia.org\/wiki\/Ki%E1%BB%83u_t%C3%B3c\" target=\"_blank\" rel=\"noopener\" data-hveid=\"0\" data-ved=\"0CAAQ_4QMahgKEwid7cLs-9uTAxUAAAAAHQAAAAAQmAE\">ki\u1ec3u t\u00f3c \u0111\u1eb9p phong c\u00e1ch ti\u1ec3u th\u01b0<\/a> tr\u00ean c\u00e1c chuy\u00ean trang l\u00e0m \u0111\u1eb9p.<\/p>\n<\/li>\n<\/ul>\n<h2 data-path-to-node=\"11\">H\u01b0\u1edbng d\u1eabn b\u1ea3o qu\u1ea3n s\u1ea3n ph\u1ea9m lu\u00f4n nh\u01b0 m\u1edbi<\/h2>\n<p data-path-to-node=\"12\">M\u1eabu <b data-path-to-node=\"12\" data-index-in-node=\"4\">set v\u00e1y y\u1ebfm ph\u1ed1i ren<\/b> n\u00e0y c\u1ea7n \u0111\u01b0\u1ee3c ch\u0103m s\u00f3c k\u1ef9 l\u01b0\u1ee1ng \u0111\u1ec3 gi\u1eef form d\u00e1ng:<\/p>\n<ol start=\"1\" data-path-to-node=\"13\">\n<li>\n<p data-path-to-node=\"13,0,0\"><b data-path-to-node=\"13,0,0\" data-index-in-node=\"0\">H\u1ea1n ch\u1ebf gi\u1eb7t m\u00e1y:<\/b> B\u1ea1n n\u00ean \u01b0u ti\u00ean gi\u1eb7t tay \u0111\u1ec3 b\u1ea3o v\u1ec7 c\u00e1c h\u1ecda ti\u1ebft th\u00eau n\u1ed5i tr\u00ean v\u1ea3i.<\/p>\n<\/li>\n<li>\n<p data-path-to-node=\"13,1,0\"><b data-path-to-node=\"13,1,0\" data-index-in-node=\"0\">S\u1eed d\u1ee5ng n\u01b0\u1edbc l\u1ea1nh:<\/b> Tr\u00e1nh gi\u1eb7t b\u1eb1ng n\u01b0\u1edbc n\u00f3ng v\u00ec c\u00f3 th\u1ec3 l\u00e0m co r\u00fat s\u1ee3i v\u1ea3i x\u00f4.<\/p>\n<\/li>\n<li>\n<p data-path-to-node=\"13,2,0\"><b data-path-to-node=\"13,2,0\" data-index-in-node=\"0\">Ph\u01a1i trong b\u00f3ng r\u00e2m:<\/b> Tr\u00e1nh \u00e1nh n\u1eafng tr\u1ef1c ti\u1ebfp \u0111\u1ec3 gi\u1eef m\u00e0u h\u1ed3ng pastel lu\u00f4n t\u01b0\u01a1i m\u1edbi.<\/p>\n<\/li>\n<\/ol>\n<p data-path-to-node=\"14\">N\u1ebfu b\u1ea1n y\u00eau th\u00edch c\u00e1c thi\u1ebft k\u1ebf n\u1eef t\u00ednh, \u0111\u1eebng b\u1ecf l\u1ee1 b\u1ed9 s\u01b0u t\u1eadp <a class=\"ng-star-inserted\" href=\"https:\/\/www.google.com\/search?q=link-noi-bo-cua-ban\" target=\"_blank\" rel=\"noopener\" data-hveid=\"0\" data-ved=\"0CAAQ_4QMahgKEwid7cLs-9uTAxUAAAAAHQAAAAAQmQE\">v\u00e1y \u0111\u1ea7m c\u00f4ng ch\u00faa m\u1edbi nh\u1ea5t<\/a> t\u1ea1i c\u1eeda h\u00e0ng. Ch\u00fang t\u00f4i lu\u00f4n c\u1eadp nh\u1eadt nh\u1eefng xu h\u01b0\u1edbng th\u1eddi trang hot nh\u1ea5t d\u00e0nh cho b\u1ea1n. H\u00e3y \u0111\u1ec3 chi\u1ebfc <b data-path-to-node=\"14\" data-index-in-node=\"189\">set v\u00e1y y\u1ebfm ph\u1ed1i ren<\/b> n\u00e0y bi\u1ebfn b\u1ea1n th\u00e0nh t\u00e2m \u0111i\u1ec3m trong m\u1ecdi bu\u1ed5i h\u1eb9n h\u00f2.<\/p>\n","protected":false},"excerpt":{"rendered":"<p data-path-to-node=\"4\">S\u1edf h\u1eefu ngay <b data-path-to-node=\"4\" data-index-in-node=\"12\">set v\u00e1y y\u1ebfm ph\u1ed1i ren<\/b> h\u1ed3ng pastel c\u1ef1c xinh cho n\u00e0ng th\u01a1. B\u1ed9 s\u1ea3n ph\u1ea9m g\u1ed3m v\u00e1y y\u1ebfm hoa nh\u00ed d\u1eadp n\u1ed5i v\u00e0 \u00e1o kho\u00e1c bolero tay loe \u0111i\u1ec7u \u0111\u00e0.<\/p>\n<ul data-path-to-node=\"5\">\n<li>\n<p data-path-to-node=\"5,0,0\"><b data-path-to-node=\"5,0,0\" data-index-in-node=\"0\">Ch\u1ea5t li\u1ec7u:<\/b> V\u1ea3i x\u00f4 g\u00e2n cao c\u1ea5p, m\u1ec1m m\u1ea1i v\u00e0 tho\u00e1ng m\u00e1t.<\/p>\n<\/li>\n<li>\n<p data-path-to-node=\"5,1,0\"><b data-path-to-node=\"5,1,0\" data-index-in-node=\"0\">Thi\u1ebft k\u1ebf:<\/b> Tone h\u1ed3ng ng\u1ecdt ng\u00e0o, t\u00f4n da v\u00e0 che khuy\u1ebft \u0111i\u1ec3m t\u1ed1t.<\/p>\n<\/li>\n<li>\n<p data-path-to-node=\"5,2,0\"><b data-path-to-node=\"5,2,0\" data-index-in-node=\"0\">Phong c\u00e1ch:<\/b> Coquette, ti\u1ec3u th\u01b0, ph\u00f9 h\u1ee3p \u0111i ch\u01a1i ho\u1eb7c h\u1eb9n h\u00f2.<\/p>\n<\/li>\n<li>\n<p data-path-to-node=\"5,3,0\"><b data-path-to-node=\"5,3,0\" data-index-in-node=\"0\">K\u00edch th\u01b0\u1edbc:<\/b> Freesize (D\u01b0\u1edbi 55kg).<\/p>\n<\/li>\n<\/ul>\n<p data-path-to-node=\"6\"><b data-path-to-node=\"6\" data-index-in-node=\"0\">\u01afu \u0111\u00e3i:<\/b> Mi\u1ec5n ph\u00ed v\u1eadn chuy\u1ec3n cho \u0111\u01a1n h\u00e0ng \u0111\u1ea7u ti\u00ean. Ki\u1ec3m tra h\u00e0ng tr\u01b0\u1edbc khi thanh to\u00e1n!<\/p>\n","protected":false},"featured_media":119,"comment_status":"open","ping_status":"closed","template":"","meta":[],"product_brand":[],"product_cat":[27],"product_tag":[],"class_list":{"0":"post-195","1":"product","2":"type-product","3":"status-publish","4":"has-post-thumbnail","6":"product_cat-set-vay","8":"first","9":"instock","10":"shipping-taxable","11":"purchasable","12":"product-type-variable"},"yoast_head":"<!-- This site is optimized with the Yoast SEO plugin v26.8 - https:\/\/yoast.com\/product\/yoast-seo-wordpress\/ -->\n<title>Set V\u00e1y Y\u1ebfm Ph\u1ed1i Ren H\u1ed3ng Pastel - MEOW<\/title>\n<meta name=\"description\" content=\"Set v\u00e1y y\u1ebfm ph\u1ed1i ren h\u1ed3ng pastel c\u1ef1c xinh, k\u00e8m \u00e1o bolero t\u00f4n d\u00e1ng, phong c\u00e1ch Coquette phong c\u00e1ch ti\u1ec3u th\u01b0 nh\u1eb9 nh\u00e0ng trong tr\u1ebbo\" \/>\n<meta name=\"robots\" content=\"index, follow, max-snippet:-1, max-image-preview:large, max-video-preview:-1\" \/>\n<link rel=\"canonical\" href=\"https:\/\/thuchanhthmdt.azdigi.shop\/?product=set-vay-yem-phoi-ren-hong\" \/>\n<meta property=\"og:locale\" content=\"vi_VN\" \/>\n<meta property=\"og:type\" content=\"article\" \/>\n<meta property=\"og:title\" content=\"Set V\u00e1y Y\u1ebfm Ph\u1ed1i Ren H\u1ed3ng Pastel - MEOW\" \/>\n<meta property=\"og:description\" content=\"Set v\u00e1y y\u1ebfm ph\u1ed1i ren h\u1ed3ng pastel c\u1ef1c xinh, k\u00e8m \u00e1o bolero t\u00f4n d\u00e1ng, phong c\u00e1ch Coquette phong c\u00e1ch ti\u1ec3u th\u01b0 nh\u1eb9 nh\u00e0ng trong tr\u1ebbo\" \/>\n<meta property=\"og:url\" content=\"https:\/\/thuchanhthmdt.azdigi.shop\/?product=set-vay-yem-phoi-ren-hong\" \/>\n<meta property=\"og:site_name\" content=\"MEOW\" \/>\n<meta property=\"article:modified_time\" content=\"2026-04-10T17:19:30+00:00\" \/>\n<meta property=\"og:image\" content=\"https:\/\/thuchanhthmdt.azdigi.shop\/wp-content\/uploads\/2026\/03\/Anh-chup-man-hinh-2026-03-28-212248.png\" \/>\n\t<meta property=\"og:image:width\" content=\"590\" \/>\n\t<meta property=\"og:image:height\" content=\"826\" \/>\n\t<meta property=\"og:image:type\" content=\"image\/png\" \/>\n<meta name=\"twitter:card\" content=\"summary_large_image\" \/>\n<meta name=\"twitter:label1\" content=\"\u01af\u1edbc t\u00ednh th\u1eddi gian \u0111\u1ecdc\" \/>\n\t<meta name=\"twitter:data1\" content=\"3 ph\u00fat\" \/>\n<script type=\"application\/ld+json\" class=\"yoast-schema-graph\">{\"@context\":\"https:\/\/schema.org\",\"@graph\":[{\"@type\":\"WebPage\",\"@id\":\"https:\/\/thuchanhthmdt.azdigi.shop\/?product=set-vay-yem-phoi-ren-hong\",\"url\":\"https:\/\/thuchanhthmdt.azdigi.shop\/?product=set-vay-yem-phoi-ren-hong\",\"name\":\"Set V\u00e1y Y\u1ebfm Ph\u1ed1i Ren H\u1ed3ng Pastel - MEOW\",\"isPartOf\":{\"@id\":\"https:\/\/thuchanhthmdt.azdigi.shop\/#website\"},\"primaryImageOfPage\":{\"@id\":\"https:\/\/thuchanhthmdt.azdigi.shop\/?product=set-vay-yem-phoi-ren-hong#primaryimage\"},\"image\":{\"@id\":\"https:\/\/thuchanhthmdt.azdigi.shop\/?product=set-vay-yem-phoi-ren-hong#primaryimage\"},\"thumbnailUrl\":\"https:\/\/thuchanhthmdt.azdigi.shop\/wp-content\/uploads\/2026\/03\/Anh-chup-man-hinh-2026-03-28-212248.png\",\"datePublished\":\"2026-04-07T15:13:17+00:00\",\"dateModified\":\"2026-04-10T17:19:30+00:00\",\"description\":\"Set v\u00e1y y\u1ebfm ph\u1ed1i ren h\u1ed3ng pastel c\u1ef1c xinh, k\u00e8m \u00e1o bolero t\u00f4n d\u00e1ng, phong c\u00e1ch Coquette phong c\u00e1ch ti\u1ec3u th\u01b0 nh\u1eb9 nh\u00e0ng trong tr\u1ebbo\",\"breadcrumb\":{\"@id\":\"https:\/\/thuchanhthmdt.azdigi.shop\/?product=set-vay-yem-phoi-ren-hong#breadcrumb\"},\"inLanguage\":\"vi\",\"potentialAction\":[{\"@type\":\"ReadAction\",\"target\":[\"https:\/\/thuchanhthmdt.azdigi.shop\/?product=set-vay-yem-phoi-ren-hong\"]}]},{\"@type\":\"ImageObject\",\"inLanguage\":\"vi\",\"@id\":\"https:\/\/thuchanhthmdt.azdigi.shop\/?product=set-vay-yem-phoi-ren-hong#primaryimage\",\"url\":\"https:\/\/thuchanhthmdt.azdigi.shop\/wp-content\/uploads\/2026\/03\/Anh-chup-man-hinh-2026-03-28-212248.png\",\"contentUrl\":\"https:\/\/thuchanhthmdt.azdigi.shop\/wp-content\/uploads\/2026\/03\/Anh-chup-man-hinh-2026-03-28-212248.png\",\"width\":590,\"height\":826},{\"@type\":\"BreadcrumbList\",\"@id\":\"https:\/\/thuchanhthmdt.azdigi.shop\/?product=set-vay-yem-phoi-ren-hong#breadcrumb\",\"itemListElement\":[{\"@type\":\"ListItem\",\"position\":1,\"name\":\"Trang ch\u1ee7\",\"item\":\"https:\/\/thuchanhthmdt.azdigi.shop\/\"},{\"@type\":\"ListItem\",\"position\":2,\"name\":\"C\u1eeda h\u00e0ng\",\"item\":\"https:\/\/thuchanhthmdt.azdigi.shop\/?page_id=158\"},{\"@type\":\"ListItem\",\"position\":3,\"name\":\"Set V\u00e1y Y\u1ebfm Ph\u1ed1i Ren H\u1ed3ng Pastel\"}]},{\"@type\":\"WebSite\",\"@id\":\"https:\/\/thuchanhthmdt.azdigi.shop\/#website\",\"url\":\"https:\/\/thuchanhthmdt.azdigi.shop\/\",\"name\":\"MEOW\",\"description\":\"\",\"potentialAction\":[{\"@type\":\"SearchAction\",\"target\":{\"@type\":\"EntryPoint\",\"urlTemplate\":\"https:\/\/thuchanhthmdt.azdigi.shop\/?s={search_term_string}\"},\"query-input\":{\"@type\":\"PropertyValueSpecification\",\"valueRequired\":true,\"valueName\":\"search_term_string\"}}],\"inLanguage\":\"vi\"}]}<\/script>\n<!-- \/ Yoast SEO plugin. -->","yoast_head_json":{"title":"Set V\u00e1y Y\u1ebfm Ph\u1ed1i Ren H\u1ed3ng Pastel - MEOW","description":"Set v\u00e1y y\u1ebfm ph\u1ed1i ren h\u1ed3ng pastel c\u1ef1c xinh, k\u00e8m \u00e1o bolero t\u00f4n d\u00e1ng, phong c\u00e1ch Coquette phong c\u00e1ch ti\u1ec3u th\u01b0 nh\u1eb9 nh\u00e0ng trong tr\u1ebbo","robots":{"index":"index","follow":"follow","max-snippet":"max-snippet:-1","max-image-preview":"max-image-preview:large","max-video-preview":"max-video-preview:-1"},"canonical":"https:\/\/thuchanhthmdt.azdigi.shop\/?product=set-vay-yem-phoi-ren-hong","og_locale":"vi_VN","og_type":"article","og_title":"Set V\u00e1y Y\u1ebfm Ph\u1ed1i Ren H\u1ed3ng Pastel - MEOW","og_description":"Set v\u00e1y y\u1ebfm ph\u1ed1i ren h\u1ed3ng pastel c\u1ef1c xinh, k\u00e8m \u00e1o bolero t\u00f4n d\u00e1ng, phong c\u00e1ch Coquette phong c\u00e1ch ti\u1ec3u th\u01b0 nh\u1eb9 nh\u00e0ng trong tr\u1ebbo","og_url":"https:\/\/thuchanhthmdt.azdigi.shop\/?product=set-vay-yem-phoi-ren-hong","og_site_name":"MEOW","article_modified_time":"2026-04-10T17:19:30+00:00","og_image":[{"width":590,"height":826,"url":"https:\/\/thuchanhthmdt.azdigi.shop\/wp-content\/uploads\/2026\/03\/Anh-chup-man-hinh-2026-03-28-212248.png","type":"image\/png"}],"twitter_card":"summary_large_image","twitter_misc":{"\u01af\u1edbc t\u00ednh th\u1eddi gian \u0111\u1ecdc":"3 ph\u00fat"},"schema":{"@context":"https:\/\/schema.org","@graph":[{"@type":"WebPage","@id":"https:\/\/thuchanhthmdt.azdigi.shop\/?product=set-vay-yem-phoi-ren-hong","url":"https:\/\/thuchanhthmdt.azdigi.shop\/?product=set-vay-yem-phoi-ren-hong","name":"Set V\u00e1y Y\u1ebfm Ph\u1ed1i Ren H\u1ed3ng Pastel - MEOW","isPartOf":{"@id":"https:\/\/thuchanhthmdt.azdigi.shop\/#website"},"primaryImageOfPage":{"@id":"https:\/\/thuchanhthmdt.azdigi.shop\/?product=set-vay-yem-phoi-ren-hong#primaryimage"},"image":{"@id":"https:\/\/thuchanhthmdt.azdigi.shop\/?product=set-vay-yem-phoi-ren-hong#primaryimage"},"thumbnailUrl":"https:\/\/thuchanhthmdt.azdigi.shop\/wp-content\/uploads\/2026\/03\/Anh-chup-man-hinh-2026-03-28-212248.png","datePublished":"2026-04-07T15:13:17+00:00","dateModified":"2026-04-10T17:19:30+00:00","description":"Set v\u00e1y y\u1ebfm ph\u1ed1i ren h\u1ed3ng pastel c\u1ef1c xinh, k\u00e8m \u00e1o bolero t\u00f4n d\u00e1ng, phong c\u00e1ch Coquette phong c\u00e1ch ti\u1ec3u th\u01b0 nh\u1eb9 nh\u00e0ng trong tr\u1ebbo","breadcrumb":{"@id":"https:\/\/thuchanhthmdt.azdigi.shop\/?product=set-vay-yem-phoi-ren-hong#breadcrumb"},"inLanguage":"vi","potentialAction":[{"@type":"ReadAction","target":["https:\/\/thuchanhthmdt.azdigi.shop\/?product=set-vay-yem-phoi-ren-hong"]}]},{"@type":"ImageObject","inLanguage":"vi","@id":"https:\/\/thuchanhthmdt.azdigi.shop\/?product=set-vay-yem-phoi-ren-hong#primaryimage","url":"https:\/\/thuchanhthmdt.azdigi.shop\/wp-content\/uploads\/2026\/03\/Anh-chup-man-hinh-2026-03-28-212248.png","contentUrl":"https:\/\/thuchanhthmdt.azdigi.shop\/wp-content\/uploads\/2026\/03\/Anh-chup-man-hinh-2026-03-28-212248.png","width":590,"height":826},{"@type":"BreadcrumbList","@id":"https:\/\/thuchanhthmdt.azdigi.shop\/?product=set-vay-yem-phoi-ren-hong#breadcrumb","itemListElement":[{"@type":"ListItem","position":1,"name":"Trang ch\u1ee7","item":"https:\/\/thuchanhthmdt.azdigi.shop\/"},{"@type":"ListItem","position":2,"name":"C\u1eeda h\u00e0ng","item":"https:\/\/thuchanhthmdt.azdigi.shop\/?page_id=158"},{"@type":"ListItem","position":3,"name":"Set V\u00e1y Y\u1ebfm Ph\u1ed1i Ren H\u1ed3ng Pastel"}]},{"@type":"WebSite","@id":"https:\/\/thuchanhthmdt.azdigi.shop\/#website","url":"https:\/\/thuchanhthmdt.azdigi.shop\/","name":"MEOW","description":"","potentialAction":[{"@type":"SearchAction","target":{"@type":"EntryPoint","urlTemplate":"https:\/\/thuchanhthmdt.azdigi.shop\/?s={search_term_string}"},"query-input":{"@type":"PropertyValueSpecification","valueRequired":true,"valueName":"search_term_string"}}],"inLanguage":"vi"}]}},"_links":{"self":[{"href":"https:\/\/thuchanhthmdt.azdigi.shop\/index.php?rest_route=\/wp\/v2\/product\/195","targetHints":{"allow":["GET"]}}],"collection":[{"href":"https:\/\/thuchanhthmdt.azdigi.shop\/index.php?rest_route=\/wp\/v2\/product"}],"about":[{"href":"https:\/\/thuchanhthmdt.azdigi.shop\/index.php?rest_route=\/wp\/v2\/types\/product"}],"replies":[{"embeddable":true,"href":"https:\/\/thuchanhthmdt.azdigi.shop\/index.php?rest_route=%2Fwp%2Fv2%2Fcomments&post=195"}],"wp:featuredmedia":[{"embeddable":true,"href":"https:\/\/thuchanhthmdt.azdigi.shop\/index.php?rest_route=\/wp\/v2\/media\/119"}],"wp:attachment":[{"href":"https:\/\/thuchanhthmdt.azdigi.shop\/index.php?rest_route=%2Fwp%2Fv2%2Fmedia&parent=195"}],"wp:term":[{"taxonomy":"product_brand","embeddable":true,"href":"https:\/\/thuchanhthmdt.azdigi.shop\/index.php?rest_route=%2Fwp%2Fv2%2Fproduct_brand&post=195"},{"taxonomy":"product_cat","embeddable":true,"href":"https:\/\/thuchanhthmdt.azdigi.shop\/index.php?rest_route=%2Fwp%2Fv2%2Fproduct_cat&post=195"},{"taxonomy":"product_tag","embeddable":true,"href":"https:\/\/thuchanhthmdt.azdigi.shop\/index.php?rest_route=%2Fwp%2Fv2%2Fproduct_tag&post=195"}],"curies":[{"name":"wp","href":"https:\/\/api.w.org\/{rel}","templated":true}]}}