{"id":199,"date":"2026-04-07T15:23:10","date_gmt":"2026-04-07T15:23:10","guid":{"rendered":"https:\/\/thuchanhthmdt.azdigi.shop\/?post_type=product&#038;p=199"},"modified":"2026-04-10T17:35:08","modified_gmt":"2026-04-10T17:35:08","slug":"ao-kieu-phoi-ren-hai-lop-dark-coquette","status":"publish","type":"product","link":"https:\/\/thuchanhthmdt.azdigi.shop\/?product=ao-kieu-phoi-ren-hai-lop-dark-coquette","title":{"rendered":"\u00c1o Ki\u1ec3u Ph\u1ed1i Ren Hai L\u1edbp X\u00e1m Ch\u00ec &#8211; \u00c1o Milkmaid Vintage C\u00e1 T\u00ednh"},"content":{"rendered":"<h3 data-path-to-node=\"10\"><b data-path-to-node=\"10\" data-index-in-node=\"0\">\u00c1o ki\u1ec3u ph\u1ed1i ren hai l\u1edbp \u2013 N\u00e9t \u0111\u1eb9p c\u1ed5 \u0111i\u1ec3n pha ch\u00fat c\u00e1 t\u00ednh<\/b><\/h3>\n<p data-path-to-node=\"11\">M\u1eabu <b data-path-to-node=\"11\" data-index-in-node=\"4\">\u00e1o ki\u1ec3u ph\u1ed1i ren hai l\u1edbp<\/b> n\u00e0y mang \u0111\u1ebfn m\u1ed9t l\u00e0n gi\u00f3 m\u1edbi cho t\u1ee7 \u0111\u1ed3 c\u1ee7a b\u1ea1n. Thi\u1ebft k\u1ebf l\u1ea5y c\u1ea3m h\u1ee9ng t\u1eeb trang ph\u1ee5c th\u1eddi k\u1ef3 Ph\u1ee5c h\u01b0ng nh\u01b0ng \u0111\u01b0\u1ee3c l\u00e0m m\u1edbi \u0111\u1ea7y ph\u00e1 c\u00e1ch. S\u1ef1 k\u1ebft h\u1ee3p gi\u1eefa m\u00e0u x\u00e1m ch\u00ec tr\u1ea7m m\u1eb7c v\u00e0 ren tr\u1eafng tinh kh\u00f4i t\u1ea1o n\u00ean hi\u1ec7u \u1ee9ng th\u1ecb gi\u00e1c m\u1ea1nh m\u1ebd. \u0110\u00e2y l\u00e0 l\u1ef1a ch\u1ecdn ho\u00e0n h\u1ea3o cho nh\u1eefng c\u00f4 n\u00e0ng y\u00eau th\u00edch v\u1ebb \u0111\u1eb9p b\u00ed \u1ea9n v\u00e0 \u0111\u1ed9c l\u1ea1.<\/p>\n<p data-path-to-node=\"12\"><b data-path-to-node=\"12\" data-index-in-node=\"0\">\u0110\u1eb7c \u0111i\u1ec3m thi\u1ebft k\u1ebf n\u1ed5i b\u1eadt:<\/b><\/p>\n<ul data-path-to-node=\"13\">\n<li>\n<p data-path-to-node=\"13,0,0\"><b data-path-to-node=\"13,0,0\" data-index-in-node=\"0\">Thi\u1ebft k\u1ebf hai l\u1edbp gi\u1ea3:<\/b> L\u1edbp ren tr\u1eafng b\u00ean trong t\u1ea1o c\u1ea3m gi\u00e1c nh\u01b0 b\u1ea1n \u0111ang m\u1eb7c hai chi\u1ebfc \u00e1o. Chi ti\u1ebft n\u00e0y mang l\u1ea1i chi\u1ec1u s\u00e2u v\u00e0 s\u1ef1 c\u1ea7u k\u1ef3 cho b\u1ed9 trang ph\u1ee5c.<\/p>\n<\/li>\n<li>\n<p data-path-to-node=\"13,1,0\"><b data-path-to-node=\"13,1,0\" data-index-in-node=\"0\">Tay ph\u1ed3ng (Puff Sleeves):<\/b> Ph\u1ea7n tay b\u1ed3ng b\u1ec1nh ph\u1ed1i vi\u1ec1n ren nh\u1ecf gi\u00fap che khuy\u1ebft \u0111i\u1ec3m b\u1eafp tay. Ki\u1ec3u tay n\u00e0y t\u1ea1o v\u1ebb ngo\u00e0i ti\u1ec3u th\u01b0 nh\u01b0ng v\u1eabn r\u1ea5t n\u0103ng \u0111\u1ed9ng.<\/p>\n<\/li>\n<li>\n<p data-path-to-node=\"13,2,0\"><b data-path-to-node=\"13,2,0\" data-index-in-node=\"0\">Chi ti\u1ebft th\u1eaft n\u01a1 v\u00e0 c\u00fap ng\u1ef1c:<\/b> Ph\u1ea7n n\u01a1 th\u1eaft tr\u01b0\u1edbc ng\u1ef1c l\u00e0 \u0111i\u1ec3m nh\u1ea5n n\u1eef t\u00ednh tuy\u1ec7t \u0111\u1ed1i. \u0110\u01b0\u1eddng c\u00fap ng\u1ef1c tinh t\u1ebf gi\u00fap n\u00e2ng form d\u00e1ng ng\u01b0\u1eddi m\u1eb7c th\u00eam ph\u1ea7n quy\u1ebfn r\u0169.<\/p>\n<\/li>\n<li>\n<p data-path-to-node=\"13,3,0\"><b data-path-to-node=\"13,3,0\" data-index-in-node=\"0\">Ch\u1ea5t li\u1ec7u v\u1ea3i cao c\u1ea5p:<\/b> \u00c1o \u0111\u01b0\u1ee3c l\u00e0m t\u1eeb v\u1ea3i kaki chun nh\u1eb9 ho\u1eb7c cotton d\u00e0y d\u1eb7n. V\u1ea3i gi\u1eef form t\u1ed1t, kh\u00f4ng b\u1ecb nh\u00e3o sau nhi\u1ec1u l\u1ea7n gi\u1eb7t.<\/p>\n<\/li>\n<\/ul>\n<h3 data-path-to-node=\"14\"><b data-path-to-node=\"14\" data-index-in-node=\"0\">G\u1ee3i \u00fd mix-match v\u1edbi \u00e1o ki\u1ec3u ph\u1ed1i ren hai l\u1edbp<\/b><\/h3>\n<p data-path-to-node=\"15\">B\u1ea1n c\u00f3 th\u1ec3 bi\u1ebfn h\u00f3a linh ho\u1ea1t v\u1edbi chi\u1ebfc \u00e1o n\u00e0y theo nhi\u1ec1u phong c\u00e1ch kh\u00e1c nhau:<\/p>\n<ol start=\"1\" data-path-to-node=\"16\">\n<li>\n<p data-path-to-node=\"16,0,0\"><b data-path-to-node=\"16,0,0\" data-index-in-node=\"0\">Phong c\u00e1ch Dark Academia:<\/b> Ph\u1ed1i \u00e1o c\u00f9ng ch\u00e2n v\u00e1y x\u1ebfp ly x\u00e1m ho\u1eb7c \u0111en. Th\u00eam m\u1ed9t \u0111\u00f4i t\u1ea5t cao c\u1ed5 v\u00e0 gi\u00e0y Oxford \u0111\u1ec3 ho\u00e0n thi\u1ec7n v\u1ebb ngo\u00e0i tri th\u1ee9c.<\/p>\n<\/li>\n<li>\n<p data-path-to-node=\"16,1,0\"><b data-path-to-node=\"16,1,0\" data-index-in-node=\"0\">Phong c\u00e1ch d\u1ea1o ph\u1ed1:<\/b> K\u1ebft h\u1ee3p v\u1edbi qu\u1ea7n jean baggy ho\u1eb7c qu\u1ea7n shorts r\u00e1ch. S\u1ef1 \u0111\u1ed1i l\u1eadp gi\u1eefa n\u00e9t \u0111i\u1ec7u \u0111\u00e0 c\u1ee7a <b data-path-to-node=\"16,1,0\" data-index-in-node=\"103\">\u00e1o ki\u1ec3u ph\u1ed1i ren hai l\u1edbp<\/b> v\u00e0 s\u1ef1 b\u1ee5i b\u1eb7m c\u1ee7a jean s\u1ebd r\u1ea5t \u1ea5n t\u01b0\u1ee3ng.<\/p>\n<\/li>\n<li>\n<p data-path-to-node=\"16,2,0\"><b data-path-to-node=\"16,2,0\" data-index-in-node=\"0\">Ph\u1ee5 ki\u1ec7n \u0111i k\u00e8m:<\/b> M\u1ed9t chi\u1ebfc v\u00f2ng c\u1ed5 choker \u0111en ho\u1eb7c v\u00f2ng kim lo\u1ea1i s\u1ebd r\u1ea5t h\u1ee3p. B\u1ea1n c\u00f3 th\u1ec3 xem th\u00eam c\u00e1c <a class=\"ng-star-inserted\" href=\"https:\/\/www.google.com\/search?q=https:\/\/vi.wikipedia.org\/wiki\/Trang_s%E1%BB%A9c\" target=\"_blank\" rel=\"noopener\" data-hveid=\"0\" data-ved=\"0CAAQ_4QMahgKEwid7cLs-9uTAxUAAAAAHQAAAAAQoQI\">ph\u1ee5 ki\u1ec7n trang s\u1ee9c c\u00e1 t\u00ednh<\/a> \u0111\u1ec3 t\u1ea1o d\u1ea5u \u1ea5n ri\u00eang.<\/p>\n<\/li>\n<\/ol>\n<h3 data-path-to-node=\"17\"><b data-path-to-node=\"17\" data-index-in-node=\"0\">C\u00e1ch b\u1ea3o qu\u1ea3n \u00e1o b\u1ec1n m\u00e0u<\/b><\/h3>\n<p data-path-to-node=\"18\">\u0110\u1ec3 chi\u1ebfc <b data-path-to-node=\"18\" data-index-in-node=\"9\">\u00e1o ki\u1ec3u ph\u1ed1i ren hai l\u1edbp<\/b> lu\u00f4n b\u1ec1n \u0111\u1eb9p, h\u00e3y l\u01b0u \u00fd:<\/p>\n<ul data-path-to-node=\"19\">\n<li>\n<p data-path-to-node=\"19,0,0\">\u01afu ti\u00ean gi\u1eb7t tay ho\u1eb7c d\u00f9ng t\u00fai gi\u1eb7t \u0111\u1ec3 b\u1ea3o v\u1ec7 l\u1edbp ren tr\u1eafng b\u00ean trong.<\/p>\n<\/li>\n<li>\n<p data-path-to-node=\"19,1,0\">Kh\u00f4ng gi\u1eb7t chung v\u1edbi c\u00e1c lo\u1ea1i qu\u1ea7n \u00e1o c\u00f3 m\u00e0u s\u1eafc r\u1ef1c r\u1ee1 \u0111\u1ec3 tr\u00e1nh loang m\u00e0u.<\/p>\n<\/li>\n<li>\n<p data-path-to-node=\"19,2,0\">Tham kh\u1ea3o th\u00eam c\u00e1c m\u1eabu <a class=\"ng-star-inserted\" href=\"https:\/\/www.google.com\/search?q=link-noi-bo-cua-ban\" target=\"_blank\" rel=\"noopener\" data-hveid=\"0\" data-ved=\"0CAAQ_4QMahgKEwid7cLs-9uTAxUAAAAAHQAAAAAQogI\">\u00e1o ki\u1ec3u n\u1eef cao c\u1ea5p<\/a> t\u1ea1i c\u1eeda h\u00e0ng ch\u00fang t\u00f4i.<\/p>\n<\/li>\n<\/ul>\n","protected":false},"excerpt":{"rendered":"<p>S\u1edf h\u1eefu ngay m\u1eabu <b data-path-to-node=\"7\" data-index-in-node=\"16\">\u00e1o ki\u1ec3u ph\u1ed1i ren hai l\u1edbp<\/b> \u0111\u1ed9c \u0111\u00e1o tone x\u00e1m ch\u00ec. Thi\u1ebft k\u1ebf tay ph\u1ed3ng, th\u1eaft n\u01a1 ng\u1ef1c ph\u1ed1i ren tr\u1eafng vintage. Ch\u1ea5t v\u1ea3i b\u1ec1n \u0111\u1eb9p, t\u00f4n d\u00e1ng, ph\u00f9 h\u1ee3p phong c\u00e1ch Dark Coquette. Freesize d\u01b0\u1edbi 55kg. Mua ngay!<\/p>\n","protected":false},"featured_media":124,"comment_status":"open","ping_status":"closed","template":"","meta":[],"product_brand":[],"product_cat":[30],"product_tag":[],"class_list":{"0":"post-199","1":"product","2":"type-product","3":"status-publish","4":"has-post-thumbnail","6":"product_cat-ao-2","8":"first","9":"instock","10":"shipping-taxable","11":"purchasable","12":"product-type-variable"},"yoast_head":"<!-- This site is optimized with the Yoast SEO plugin v26.8 - https:\/\/yoast.com\/product\/yoast-seo-wordpress\/ -->\n<title>\u00c1o Ki\u1ec3u Ph\u1ed1i Ren Hai L\u1edbp X\u00e1m Ch\u00ec - \u00c1o Milkmaid Vintage C\u00e1 T\u00ednh - MEOW<\/title>\n<meta name=\"description\" content=\"Mua ngay \u00e1o ki\u1ec3u ph\u1ed1i ren hai l\u1edbp m\u00e0u x\u00e1m ch\u00ec \u0111\u1ed9c \u0111\u00e1o. Thi\u1ebft k\u1ebf tay ph\u1ed3ng, th\u1eaft n\u01a1 phong c\u00e1ch Vintage Milkmaid c\u1ef1c xinh. Giao h\u00e0ng nhanh to\u00e0n qu\u1ed1c!\" \/>\n<meta name=\"robots\" content=\"index, follow, max-snippet:-1, max-image-preview:large, max-video-preview:-1\" \/>\n<link rel=\"canonical\" href=\"https:\/\/thuchanhthmdt.azdigi.shop\/?product=ao-kieu-phoi-ren-hai-lop-dark-coquette\" \/>\n<meta property=\"og:locale\" content=\"vi_VN\" \/>\n<meta property=\"og:type\" content=\"article\" \/>\n<meta property=\"og:title\" content=\"\u00c1o Ki\u1ec3u Ph\u1ed1i Ren Hai L\u1edbp X\u00e1m Ch\u00ec - \u00c1o Milkmaid Vintage C\u00e1 T\u00ednh - MEOW\" \/>\n<meta property=\"og:description\" content=\"Mua ngay \u00e1o ki\u1ec3u ph\u1ed1i ren hai l\u1edbp m\u00e0u x\u00e1m ch\u00ec \u0111\u1ed9c \u0111\u00e1o. Thi\u1ebft k\u1ebf tay ph\u1ed3ng, th\u1eaft n\u01a1 phong c\u00e1ch Vintage Milkmaid c\u1ef1c xinh. Giao h\u00e0ng nhanh to\u00e0n qu\u1ed1c!\" \/>\n<meta property=\"og:url\" content=\"https:\/\/thuchanhthmdt.azdigi.shop\/?product=ao-kieu-phoi-ren-hai-lop-dark-coquette\" \/>\n<meta property=\"og:site_name\" content=\"MEOW\" \/>\n<meta property=\"article:modified_time\" content=\"2026-04-10T17:35:08+00:00\" \/>\n<meta property=\"og:image\" content=\"https:\/\/thuchanhthmdt.azdigi.shop\/wp-content\/uploads\/2026\/03\/Anh-chup-man-hinh-2026-03-28-213247.png\" \/>\n\t<meta property=\"og:image:width\" content=\"611\" \/>\n\t<meta property=\"og:image:height\" content=\"759\" \/>\n\t<meta property=\"og:image:type\" content=\"image\/png\" \/>\n<meta name=\"twitter:card\" content=\"summary_large_image\" \/>\n<meta name=\"twitter:label1\" content=\"\u01af\u1edbc t\u00ednh th\u1eddi gian \u0111\u1ecdc\" \/>\n\t<meta name=\"twitter:data1\" content=\"3 ph\u00fat\" \/>\n<script type=\"application\/ld+json\" class=\"yoast-schema-graph\">{\"@context\":\"https:\/\/schema.org\",\"@graph\":[{\"@type\":\"WebPage\",\"@id\":\"https:\/\/thuchanhthmdt.azdigi.shop\/?product=ao-kieu-phoi-ren-hai-lop-dark-coquette\",\"url\":\"https:\/\/thuchanhthmdt.azdigi.shop\/?product=ao-kieu-phoi-ren-hai-lop-dark-coquette\",\"name\":\"\u00c1o Ki\u1ec3u Ph\u1ed1i Ren Hai L\u1edbp X\u00e1m Ch\u00ec - \u00c1o Milkmaid Vintage C\u00e1 T\u00ednh - MEOW\",\"isPartOf\":{\"@id\":\"https:\/\/thuchanhthmdt.azdigi.shop\/#website\"},\"primaryImageOfPage\":{\"@id\":\"https:\/\/thuchanhthmdt.azdigi.shop\/?product=ao-kieu-phoi-ren-hai-lop-dark-coquette#primaryimage\"},\"image\":{\"@id\":\"https:\/\/thuchanhthmdt.azdigi.shop\/?product=ao-kieu-phoi-ren-hai-lop-dark-coquette#primaryimage\"},\"thumbnailUrl\":\"https:\/\/thuchanhthmdt.azdigi.shop\/wp-content\/uploads\/2026\/03\/Anh-chup-man-hinh-2026-03-28-213247.png\",\"datePublished\":\"2026-04-07T15:23:10+00:00\",\"dateModified\":\"2026-04-10T17:35:08+00:00\",\"description\":\"Mua ngay \u00e1o ki\u1ec3u ph\u1ed1i ren hai l\u1edbp m\u00e0u x\u00e1m ch\u00ec \u0111\u1ed9c \u0111\u00e1o. Thi\u1ebft k\u1ebf tay ph\u1ed3ng, th\u1eaft n\u01a1 phong c\u00e1ch Vintage Milkmaid c\u1ef1c xinh. Giao h\u00e0ng nhanh to\u00e0n qu\u1ed1c!\",\"breadcrumb\":{\"@id\":\"https:\/\/thuchanhthmdt.azdigi.shop\/?product=ao-kieu-phoi-ren-hai-lop-dark-coquette#breadcrumb\"},\"inLanguage\":\"vi\",\"potentialAction\":[{\"@type\":\"ReadAction\",\"target\":[\"https:\/\/thuchanhthmdt.azdigi.shop\/?product=ao-kieu-phoi-ren-hai-lop-dark-coquette\"]}]},{\"@type\":\"ImageObject\",\"inLanguage\":\"vi\",\"@id\":\"https:\/\/thuchanhthmdt.azdigi.shop\/?product=ao-kieu-phoi-ren-hai-lop-dark-coquette#primaryimage\",\"url\":\"https:\/\/thuchanhthmdt.azdigi.shop\/wp-content\/uploads\/2026\/03\/Anh-chup-man-hinh-2026-03-28-213247.png\",\"contentUrl\":\"https:\/\/thuchanhthmdt.azdigi.shop\/wp-content\/uploads\/2026\/03\/Anh-chup-man-hinh-2026-03-28-213247.png\",\"width\":611,\"height\":759},{\"@type\":\"BreadcrumbList\",\"@id\":\"https:\/\/thuchanhthmdt.azdigi.shop\/?product=ao-kieu-phoi-ren-hai-lop-dark-coquette#breadcrumb\",\"itemListElement\":[{\"@type\":\"ListItem\",\"position\":1,\"name\":\"Trang ch\u1ee7\",\"item\":\"https:\/\/thuchanhthmdt.azdigi.shop\/\"},{\"@type\":\"ListItem\",\"position\":2,\"name\":\"C\u1eeda h\u00e0ng\",\"item\":\"https:\/\/thuchanhthmdt.azdigi.shop\/?page_id=158\"},{\"@type\":\"ListItem\",\"position\":3,\"name\":\"\u00c1o Ki\u1ec3u Ph\u1ed1i Ren Hai L\u1edbp X\u00e1m Ch\u00ec &#8211; \u00c1o Milkmaid Vintage C\u00e1 T\u00ednh\"}]},{\"@type\":\"WebSite\",\"@id\":\"https:\/\/thuchanhthmdt.azdigi.shop\/#website\",\"url\":\"https:\/\/thuchanhthmdt.azdigi.shop\/\",\"name\":\"MEOW\",\"description\":\"\",\"potentialAction\":[{\"@type\":\"SearchAction\",\"target\":{\"@type\":\"EntryPoint\",\"urlTemplate\":\"https:\/\/thuchanhthmdt.azdigi.shop\/?s={search_term_string}\"},\"query-input\":{\"@type\":\"PropertyValueSpecification\",\"valueRequired\":true,\"valueName\":\"search_term_string\"}}],\"inLanguage\":\"vi\"}]}<\/script>\n<!-- \/ Yoast SEO plugin. -->","yoast_head_json":{"title":"\u00c1o Ki\u1ec3u Ph\u1ed1i Ren Hai L\u1edbp X\u00e1m Ch\u00ec - \u00c1o Milkmaid Vintage C\u00e1 T\u00ednh - MEOW","description":"Mua ngay \u00e1o ki\u1ec3u ph\u1ed1i ren hai l\u1edbp m\u00e0u x\u00e1m ch\u00ec \u0111\u1ed9c \u0111\u00e1o. Thi\u1ebft k\u1ebf tay ph\u1ed3ng, th\u1eaft n\u01a1 phong c\u00e1ch Vintage Milkmaid c\u1ef1c xinh. Giao h\u00e0ng nhanh to\u00e0n qu\u1ed1c!","robots":{"index":"index","follow":"follow","max-snippet":"max-snippet:-1","max-image-preview":"max-image-preview:large","max-video-preview":"max-video-preview:-1"},"canonical":"https:\/\/thuchanhthmdt.azdigi.shop\/?product=ao-kieu-phoi-ren-hai-lop-dark-coquette","og_locale":"vi_VN","og_type":"article","og_title":"\u00c1o Ki\u1ec3u Ph\u1ed1i Ren Hai L\u1edbp X\u00e1m Ch\u00ec - \u00c1o Milkmaid Vintage C\u00e1 T\u00ednh - MEOW","og_description":"Mua ngay \u00e1o ki\u1ec3u ph\u1ed1i ren hai l\u1edbp m\u00e0u x\u00e1m ch\u00ec \u0111\u1ed9c \u0111\u00e1o. Thi\u1ebft k\u1ebf tay ph\u1ed3ng, th\u1eaft n\u01a1 phong c\u00e1ch Vintage Milkmaid c\u1ef1c xinh. Giao h\u00e0ng nhanh to\u00e0n qu\u1ed1c!","og_url":"https:\/\/thuchanhthmdt.azdigi.shop\/?product=ao-kieu-phoi-ren-hai-lop-dark-coquette","og_site_name":"MEOW","article_modified_time":"2026-04-10T17:35:08+00:00","og_image":[{"width":611,"height":759,"url":"https:\/\/thuchanhthmdt.azdigi.shop\/wp-content\/uploads\/2026\/03\/Anh-chup-man-hinh-2026-03-28-213247.png","type":"image\/png"}],"twitter_card":"summary_large_image","twitter_misc":{"\u01af\u1edbc t\u00ednh th\u1eddi gian \u0111\u1ecdc":"3 ph\u00fat"},"schema":{"@context":"https:\/\/schema.org","@graph":[{"@type":"WebPage","@id":"https:\/\/thuchanhthmdt.azdigi.shop\/?product=ao-kieu-phoi-ren-hai-lop-dark-coquette","url":"https:\/\/thuchanhthmdt.azdigi.shop\/?product=ao-kieu-phoi-ren-hai-lop-dark-coquette","name":"\u00c1o Ki\u1ec3u Ph\u1ed1i Ren Hai L\u1edbp X\u00e1m Ch\u00ec - \u00c1o Milkmaid Vintage C\u00e1 T\u00ednh - MEOW","isPartOf":{"@id":"https:\/\/thuchanhthmdt.azdigi.shop\/#website"},"primaryImageOfPage":{"@id":"https:\/\/thuchanhthmdt.azdigi.shop\/?product=ao-kieu-phoi-ren-hai-lop-dark-coquette#primaryimage"},"image":{"@id":"https:\/\/thuchanhthmdt.azdigi.shop\/?product=ao-kieu-phoi-ren-hai-lop-dark-coquette#primaryimage"},"thumbnailUrl":"https:\/\/thuchanhthmdt.azdigi.shop\/wp-content\/uploads\/2026\/03\/Anh-chup-man-hinh-2026-03-28-213247.png","datePublished":"2026-04-07T15:23:10+00:00","dateModified":"2026-04-10T17:35:08+00:00","description":"Mua ngay \u00e1o ki\u1ec3u ph\u1ed1i ren hai l\u1edbp m\u00e0u x\u00e1m ch\u00ec \u0111\u1ed9c \u0111\u00e1o. Thi\u1ebft k\u1ebf tay ph\u1ed3ng, th\u1eaft n\u01a1 phong c\u00e1ch Vintage Milkmaid c\u1ef1c xinh. Giao h\u00e0ng nhanh to\u00e0n qu\u1ed1c!","breadcrumb":{"@id":"https:\/\/thuchanhthmdt.azdigi.shop\/?product=ao-kieu-phoi-ren-hai-lop-dark-coquette#breadcrumb"},"inLanguage":"vi","potentialAction":[{"@type":"ReadAction","target":["https:\/\/thuchanhthmdt.azdigi.shop\/?product=ao-kieu-phoi-ren-hai-lop-dark-coquette"]}]},{"@type":"ImageObject","inLanguage":"vi","@id":"https:\/\/thuchanhthmdt.azdigi.shop\/?product=ao-kieu-phoi-ren-hai-lop-dark-coquette#primaryimage","url":"https:\/\/thuchanhthmdt.azdigi.shop\/wp-content\/uploads\/2026\/03\/Anh-chup-man-hinh-2026-03-28-213247.png","contentUrl":"https:\/\/thuchanhthmdt.azdigi.shop\/wp-content\/uploads\/2026\/03\/Anh-chup-man-hinh-2026-03-28-213247.png","width":611,"height":759},{"@type":"BreadcrumbList","@id":"https:\/\/thuchanhthmdt.azdigi.shop\/?product=ao-kieu-phoi-ren-hai-lop-dark-coquette#breadcrumb","itemListElement":[{"@type":"ListItem","position":1,"name":"Trang ch\u1ee7","item":"https:\/\/thuchanhthmdt.azdigi.shop\/"},{"@type":"ListItem","position":2,"name":"C\u1eeda h\u00e0ng","item":"https:\/\/thuchanhthmdt.azdigi.shop\/?page_id=158"},{"@type":"ListItem","position":3,"name":"\u00c1o Ki\u1ec3u Ph\u1ed1i Ren Hai L\u1edbp X\u00e1m Ch\u00ec &#8211; \u00c1o Milkmaid Vintage C\u00e1 T\u00ednh"}]},{"@type":"WebSite","@id":"https:\/\/thuchanhthmdt.azdigi.shop\/#website","url":"https:\/\/thuchanhthmdt.azdigi.shop\/","name":"MEOW","description":"","potentialAction":[{"@type":"SearchAction","target":{"@type":"EntryPoint","urlTemplate":"https:\/\/thuchanhthmdt.azdigi.shop\/?s={search_term_string}"},"query-input":{"@type":"PropertyValueSpecification","valueRequired":true,"valueName":"search_term_string"}}],"inLanguage":"vi"}]}},"_links":{"self":[{"href":"https:\/\/thuchanhthmdt.azdigi.shop\/index.php?rest_route=\/wp\/v2\/product\/199","targetHints":{"allow":["GET"]}}],"collection":[{"href":"https:\/\/thuchanhthmdt.azdigi.shop\/index.php?rest_route=\/wp\/v2\/product"}],"about":[{"href":"https:\/\/thuchanhthmdt.azdigi.shop\/index.php?rest_route=\/wp\/v2\/types\/product"}],"replies":[{"embeddable":true,"href":"https:\/\/thuchanhthmdt.azdigi.shop\/index.php?rest_route=%2Fwp%2Fv2%2Fcomments&post=199"}],"wp:featuredmedia":[{"embeddable":true,"href":"https:\/\/thuchanhthmdt.azdigi.shop\/index.php?rest_route=\/wp\/v2\/media\/124"}],"wp:attachment":[{"href":"https:\/\/thuchanhthmdt.azdigi.shop\/index.php?rest_route=%2Fwp%2Fv2%2Fmedia&parent=199"}],"wp:term":[{"taxonomy":"product_brand","embeddable":true,"href":"https:\/\/thuchanhthmdt.azdigi.shop\/index.php?rest_route=%2Fwp%2Fv2%2Fproduct_brand&post=199"},{"taxonomy":"product_cat","embeddable":true,"href":"https:\/\/thuchanhthmdt.azdigi.shop\/index.php?rest_route=%2Fwp%2Fv2%2Fproduct_cat&post=199"},{"taxonomy":"product_tag","embeddable":true,"href":"https:\/\/thuchanhthmdt.azdigi.shop\/index.php?rest_route=%2Fwp%2Fv2%2Fproduct_tag&post=199"}],"curies":[{"name":"wp","href":"https:\/\/api.w.org\/{rel}","templated":true}]}}